{"id":8441,"date":"2020-01-31T08:36:46","date_gmt":"2020-01-31T07:36:46","guid":{"rendered":"https:\/\/barbo.ch\/?page_id=8441"},"modified":"2026-01-16T08:25:33","modified_gmt":"2026-01-16T07:25:33","slug":"services","status":"publish","type":"page","link":"https:\/\/barbo.ch\/en\/services\/","title":{"rendered":"Services"},"content":{"rendered":"<div id=\"fws_69f480411aa17\"  data-column-margin=\"default\" data-midnight=\"dark\"  class=\"wpb_row vc_row-fluid vc_row\"  style=\"padding-top: 0px; padding-bottom: 0px; \"><div class=\"row-bg-wrap\" data-bg-animation=\"none\" data-bg-animation-delay=\"\" data-bg-overlay=\"false\"><div class=\"inner-wrap row-bg-layer\" ><div class=\"row-bg viewport-desktop\"  style=\"\"><\/div><\/div><\/div><div class=\"row_col_wrap_12 col span_12 dark left\">\n\t<div  class=\"vc_col-sm-2 wpb_column column_container vc_column_container col no-extra-padding inherit_tablet inherit_phone flex_gap_desktop_10px\"  data-padding-pos=\"all\" data-has-bg-color=\"false\" data-bg-color=\"\" data-bg-opacity=\"1\" data-animation=\"\" data-delay=\"0\" >\n\t\t<div class=\"vc_column-inner\" >\n\t\t\t<div class=\"wpb_wrapper\">\n\t\t\t\t\n\t\t\t<\/div> \n\t\t<\/div>\n\t<\/div> \n\n\t<div  class=\"vc_col-sm-5 wpb_column column_container vc_column_container col no-extra-padding inherit_tablet inherit_phone flex_gap_desktop_10px\"  data-padding-pos=\"all\" data-has-bg-color=\"false\" data-bg-color=\"\" data-bg-opacity=\"1\" data-animation=\"\" data-delay=\"0\" >\n\t\t<div class=\"vc_column-inner\" >\n\t\t\t<div class=\"wpb_wrapper\">\n\t\t\t\t\n<div class=\"wpb_text_column wpb_content_element  vc_custom_1612694698751\" >\n\t<h1>Services<\/h1>\n<\/div>\n\n\n\n\n<div class=\"wpb_text_column wpb_content_element  wpb_animate_when_almost_visible wpb_fadeInDown fadeInDown\" >\n\t<h2>Illustration<\/h2>\n<\/div>\n\n\n\n<div class=\"divider-wrap\" data-alignment=\"default\"><div style=\"margin-top: 20px; height: 1px; margin-bottom: 20px;\" data-width=\"100%\" data-animate=\"\" data-animation-delay=\"\" data-color=\"extra-color-2\" class=\"divider-border\"><\/div><\/div>\n<div class=\"wpb_text_column wpb_content_element  vc_custom_1612693417176\" >\n\t<p><span style=\"font-weight: 400;\">I make illustrations and guide you through your creative project. My skills in making images allow me to be versatile and create for various types of projects:<\/span><\/p>\n<\/div>\n\n\n\n<div class=\"nectar-fancy-ul\" data-list-icon=\"icon-salient-thin-line\" data-animation=\"false\" data-animation-delay=\"0\" data-color=\"accent-color\" data-spacing=\"default\" data-alignment=\"left\"> \n<ul>\n<li style=\"font-weight: 400;\" aria-level=\"1\"><strong><a href=\"https:\/\/barbo.ch\/en\/portfolio\/le-monde-des-zoriens-les-editions-baudelaire\/\">books<\/a>, <a href=\"https:\/\/barbo.ch\/en\/portfolio\/campfire\/\">graphic novels<\/a><\/strong><\/li>\n<li style=\"font-weight: 400;\" aria-level=\"1\"><strong>board games<\/strong><\/li>\n<li style=\"font-weight: 400;\" aria-level=\"1\"><a href=\"https:\/\/barbo.ch\/en\/portfolio\/asylamba\/\"><strong>video games<\/strong><\/a><\/li>\n<li style=\"font-weight: 400;\" aria-level=\"1\"><strong><a href=\"https:\/\/barbo.ch\/en\/portfolio\/vintage-poster-noel-schilliger\/\">posters<\/a>, <a href=\"https:\/\/barbo.ch\/en\/portfolio\/chacalbal-inconnu\/\">flyers<\/a><\/strong><\/li>\n<li style=\"font-weight: 400;\" aria-level=\"1\"><a href=\"https:\/\/barbo.ch\/en\/portfolio\/carte-voeux-scalen-2021\/\"><strong>greeting cards<\/strong><\/a><\/li>\n<li style=\"font-weight: 400;\" aria-level=\"1\"><a href=\"https:\/\/barbo.ch\/en\/portfolio\/graphisme-packaging-laiterie-moderne\/\"><strong>packagings<\/strong><\/a><\/li>\n<li style=\"font-weight: 400;\" aria-level=\"1\"><strong>objects <\/strong>(tote bag, wallpaper, etc)<\/li>\n<li style=\"font-weight: 400;\" aria-level=\"1\"><strong><a href=\"https:\/\/barbo.ch\/en\/portfolio\/stadtkunde\/\">habillage de site internet<\/a> ou de <a href=\"https:\/\/barbo.ch\/en\/portfolio\/epfl-femmes-science\/\">mat\u00e9riel de communication identitaire<\/a><\/strong><\/li>\n<li style=\"font-weight: 400;\" aria-level=\"1\"><strong><a href=\"https:\/\/barbo.ch\/en\/portfolio\/village-along-delta\/\">personalized illustration<\/a> avec impression haute qualit\u00e9 sur papier Fine Art, mise sous cadre.<\/strong><\/li>\n<\/ul>\n <\/div>\n<div class=\"wpb_text_column wpb_content_element  wpb_animate_when_almost_visible wpb_fadeInDown fadeInDown vc_custom_1768548328632\" >\n\t<h2>Graphic Design<\/h2>\n<\/div>\n\n\n\n<div class=\"divider-wrap\" data-alignment=\"default\"><div style=\"margin-top: 20px; height: 1px; margin-bottom: 20px;\" data-width=\"100%\" data-animate=\"\" data-animation-delay=\"\" data-color=\"extra-color-2\" class=\"divider-border\"><\/div><\/div>\n<div class=\"wpb_text_column wpb_content_element  vc_custom_1768547519793\" >\n\t<p><span style=\"font-weight: 400;\">With more than 15 years of experience as an in-house graphic designer, I am able to design and manage your graphic projects from start to finish:<\/span><\/p>\n<\/div>\n\n\n\n<div class=\"nectar-fancy-ul\" data-list-icon=\"icon-salient-thin-line\" data-animation=\"false\" data-animation-delay=\"0\" data-color=\"accent-color\" data-spacing=\"default\" data-alignment=\"left\"> \n<ul>\n<li style=\"font-weight: 400;\" aria-level=\"1\"><strong><a href=\"https:\/\/barbo.ch\/en\/portfolio\/graphisme-logo-bh-interieur\/\">brand identity<\/a><\/strong><\/li>\n<li style=\"font-weight: 400;\" aria-level=\"1\"><strong>posters, flyers, <a href=\"https:\/\/barbo.ch\/en\/portfolio\/atelier-grand-pere\/\">leaflets<\/a>, roll-up<\/strong><\/li>\n<li style=\"font-weight: 400;\" aria-level=\"1\"><strong>magazines, <a href=\"https:\/\/barbo.ch\/en\/portfolio\/art-book-sunnyside-games\/\">books<\/a>, brochures<\/strong><\/li>\n<li style=\"font-weight: 400;\" aria-level=\"1\"><strong>communication campaigns<\/strong><\/li>\n<li style=\"font-weight: 400;\" aria-level=\"1\"><strong><a href=\"https:\/\/barbo.ch\/en\/portfolio\/graphisme-packaging-laiterie-moderne\/\">packagings <\/a><\/strong>(technical dieline creation and graphic design)<\/li>\n<li style=\"font-weight: 400;\" aria-level=\"1\"><strong><a href=\"https:\/\/barbo.ch\/en\/portfolio\/graphisme-eau-de-vie\/\">label design<\/a><\/strong><\/li>\n<li style=\"font-weight: 400;\" aria-level=\"1\"><strong>product design <\/strong>(goodies, promotional items, etc.)<\/li>\n<li style=\"font-weight: 400;\" aria-level=\"1\"><strong>vehicle branding<\/strong><\/li>\n<li style=\"font-weight: 400;\" aria-level=\"1\"><strong>website design<\/strong><\/li>\n<\/ul>\n <\/div>\n<div class=\"wpb_text_column wpb_content_element  wpb_animate_when_almost_visible wpb_fadeInDown fadeInDown vc_custom_1612694642364\" >\n\t<h2>Concept Art<\/h2>\n<\/div>\n\n\n\n<div class=\"divider-wrap\" data-alignment=\"default\"><div style=\"margin-top: 20px; height: 1px; margin-bottom: 20px;\" data-width=\"100%\" data-animate=\"\" data-animation-delay=\"\" data-color=\"extra-color-2\" class=\"divider-border\"><\/div><\/div>\n<div class=\"wpb_text_column wpb_content_element  vc_custom_1612693479794\" >\n\t<p><span style=\"font-weight: 400;\">I create concept art for video games. These images will help define the look of your game and be of support for your dev team. I can create a general mood for a scene or focus on a specific part\/object\/character. Here are a few examples of what I can make for your game:<\/span><\/p>\n<\/div>\n\n\n\n<div class=\"nectar-fancy-ul\" data-list-icon=\"icon-salient-thin-line\" data-animation=\"false\" data-animation-delay=\"0\" data-color=\"accent-color\" data-spacing=\"default\" data-alignment=\"left\"> \n<ul>\n<li style=\"font-weight: 400;\" aria-level=\"1\"><strong>environments<\/strong><\/li>\n<li style=\"font-weight: 400;\" aria-level=\"1\"><a href=\"https:\/\/barbo.ch\/en\/portfolio\/costume-design\/\"><strong>characters<\/strong><\/a><\/li>\n<li style=\"font-weight: 400;\" aria-level=\"1\"><strong>creatures<\/strong><\/li>\n<li style=\"font-weight: 400;\" aria-level=\"1\"><a href=\"https:\/\/barbo.ch\/en\/portfolio\/toxic-plant-2\/\"><strong>props<\/strong><\/a><\/li>\n<li style=\"font-weight: 400;\" aria-level=\"1\"><strong>colorkeys<\/strong><\/li>\n<\/ul>\n <\/div>\n<div class=\"wpb_text_column wpb_content_element  vc_custom_1612693855989\" >\n\t<p><span style=\"font-weight: 400;\">This process, generally applied to games, can also be of use for shorts, animated films or clips.<\/span><\/p>\n<p><span style=\"font-weight: 400;\">Beyond these areas of application, concept art type images can also be useful for other projects such as theater stage design or urban architectural previsualization. These images can help sell your project to your client.<\/span><\/p>\n<\/div>\n\n\n\n\n<div class=\"wpb_text_column wpb_content_element  wpb_animate_when_almost_visible wpb_fadeInDown fadeInDown vc_custom_1612694661614\" >\n\t<h2>Game Art<\/h2>\n<\/div>\n\n\n\n<div class=\"divider-wrap\" data-alignment=\"default\"><div style=\"margin-top: 20px; height: 1px; margin-bottom: 20px;\" data-width=\"100%\" data-animate=\"\" data-animation-delay=\"\" data-color=\"extra-color-2\" class=\"divider-border\"><\/div><\/div>\n<div class=\"wpb_text_column wpb_content_element  vc_custom_1612693571272\" >\n\t<p><span style=\"font-weight: 400;\">Visuals and graphics play a big role in the success of your video game. To help reach this success, I create game art that will make the player experience more clear, unique and appealing:<\/span><\/p>\n<\/div>\n\n\n\n<div class=\"nectar-fancy-ul\" data-list-icon=\"icon-salient-thin-line\" data-animation=\"false\" data-animation-delay=\"0\" data-color=\"accent-color\" data-spacing=\"default\" data-alignment=\"left\"> \n<ul>\n<li style=\"font-weight: 400;\" aria-level=\"1\"><span style=\"font-weight: 400;\"><a href=\"https:\/\/barbo.ch\/en\/portfolio\/colorful-darkness-part-2\/\"><strong>2D assets<\/strong><\/a> (objects, characters, environments, etc)<\/span><\/li>\n<li style=\"font-weight: 400;\" aria-level=\"1\"><a href=\"https:\/\/barbo.ch\/en\/portfolio\/anshar-wars\/\"><strong>textures<\/strong><\/a><\/li>\n<li style=\"font-weight: 400;\" aria-level=\"1\"><strong>UI\/UX<\/strong><\/li>\n<li style=\"font-weight: 400;\" aria-level=\"1\"><strong>graphic interfaces<\/strong><\/li>\n<\/ul>\n <\/div>\n<div class=\"wpb_text_column wpb_content_element  wpb_animate_when_almost_visible wpb_fadeInDown fadeInDown vc_custom_1612694672560\" >\n\t<h2>Storyboard<\/h2>\n<\/div>\n\n\n\n<div class=\"divider-wrap\" data-alignment=\"default\"><div style=\"margin-top: 20px; height: 1px; margin-bottom: 20px;\" data-width=\"100%\" data-animate=\"\" data-animation-delay=\"\" data-color=\"extra-color-2\" class=\"divider-border\"><\/div><\/div>\n<div class=\"wpb_text_column wpb_content_element  vc_custom_1612708048246\" >\n\t<p><span style=\"font-weight: 400;\">I also make storyboards to better prepare your project such as:<\/span><\/p>\n<\/div>\n\n\n\n<div class=\"nectar-fancy-ul\" data-list-icon=\"icon-salient-thin-line\" data-animation=\"false\" data-animation-delay=\"0\" data-color=\"accent-color\" data-spacing=\"default\" data-alignment=\"left\"> \n<ul>\n<li style=\"font-weight: 400;\" aria-level=\"1\"><strong>shorts<\/strong><\/li>\n<li style=\"font-weight: 400;\" aria-level=\"1\"><strong>intro videos<\/strong><\/li>\n<li style=\"font-weight: 400;\" aria-level=\"1\"><strong>teasers<\/strong><\/li>\n<li style=\"font-weight: 400;\" aria-level=\"1\"><strong>video clips<\/strong><\/li>\n<\/ul>\n <\/div>\n<div class=\"wpb_text_column wpb_content_element  wpb_animate_when_almost_visible wpb_fadeInDown fadeInDown vc_custom_1612694680244\" >\n\t<h2>Quel est mon processus de travail?<\/h2>\n<\/div>\n\n\n\n<div class=\"divider-wrap\" data-alignment=\"default\"><div style=\"margin-top: 20px; height: 1px; margin-bottom: 20px;\" data-width=\"100%\" data-animate=\"\" data-animation-delay=\"\" data-color=\"extra-color-2\" class=\"divider-border\"><\/div><\/div>\n<div class=\"wpb_text_column wpb_content_element  vc_custom_1612693682561\" >\n\t<p><span style=\"font-weight: 400;\">Generally, my clients receive these elements during the making of a project:<\/span><\/p>\n<\/div>\n\n\n\n<div class=\"nectar-fancy-ul\" data-list-icon=\"icon-salient-thin-line\" data-animation=\"false\" data-animation-delay=\"0\" data-color=\"accent-color\" data-spacing=\"default\" data-alignment=\"left\"> \n<ul>\n<li style=\"font-weight: 400;\" aria-level=\"1\"><strong>2-3 sketches to establish the base of the image<\/strong><\/li>\n<li style=\"font-weight: 400;\" aria-level=\"1\"><strong>2-3 colorkeys to establish the general mood, colors and light<\/strong><\/li>\n<li style=\"font-weight: 400;\" aria-level=\"1\"><strong>the final image<\/strong><\/li>\n<\/ul>\n <\/div>\n<div class=\"wpb_text_column wpb_content_element  vc_custom_1612695151383\" >\n\t<p><span style=\"font-weight: 400;\">It is with pleasure that I discuss your needs with you. Please don't hesitate to contact me.<\/span><\/p>\n<\/div>\n\n\n\n<a class=\"nectar-button medium regular extra-color-2  regular-button\" id=\"bouton-hover-green\" role=\"button\" style=\"\"  href=\"https:\/\/barbo.ch\/en\/contact\/\" data-color-override=\"false\" data-hover-color-override=\"false\" data-hover-text-color-override=\"#fff\"><span>Contact me<\/span><\/a>\n\t\t\t<\/div> \n\t\t<\/div>\n\t<\/div> \n\n\t<div  class=\"vc_col-sm-1 wpb_column column_container vc_column_container col no-extra-padding inherit_tablet inherit_phone flex_gap_desktop_10px\"  data-padding-pos=\"all\" data-has-bg-color=\"false\" data-bg-color=\"\" data-bg-opacity=\"1\" data-animation=\"\" data-delay=\"0\" >\n\t\t<div class=\"vc_column-inner\" >\n\t\t\t<div class=\"wpb_wrapper\">\n\t\t\t\t\n\t\t\t<\/div> \n\t\t<\/div>\n\t<\/div> \n\n\t<div  class=\"vc_col-sm-3 wpb_column column_container vc_column_container col no-extra-padding inherit_tablet inherit_phone flex_gap_desktop_10px\"  data-padding-pos=\"all\" data-has-bg-color=\"false\" data-bg-color=\"\" data-bg-opacity=\"1\" data-animation=\"\" data-delay=\"0\" >\n\t\t<div class=\"vc_column-inner\" >\n\t\t\t<div class=\"wpb_wrapper\">\n\t\t\t\t\n<div class=\"wpb_text_column wpb_content_element\" >\n\t<h6>What<br \/>\nI do<\/h6>\n<\/div>\n\n\n\n\n\t\t\t<\/div> \n\t\t<\/div>\n\t<\/div> \n\n\t<div  class=\"vc_col-sm-1 wpb_column column_container vc_column_container col no-extra-padding inherit_tablet inherit_phone flex_gap_desktop_10px\"  data-padding-pos=\"all\" data-has-bg-color=\"false\" data-bg-color=\"\" data-bg-opacity=\"1\" data-animation=\"\" data-delay=\"0\" >\n\t\t<div class=\"vc_column-inner\" >\n\t\t\t<div class=\"wpb_wrapper\">\n\t\t\t\t\n\t\t\t<\/div> \n\t\t<\/div>\n\t<\/div> \n<\/div><\/div>","protected":false},"excerpt":{"rendered":"Services Illustration Je r\u00e9alise des illustrations personnalis\u00e9es pour vos projets. Mes comp\u00e9tences en cr\u00e9ation d\u2019images me permettent de satisfaire vos besoins sur une large palette de projets: livres, romans graphiques...","protected":false},"author":1,"featured_media":0,"parent":0,"menu_order":0,"comment_status":"closed","ping_status":"closed","template":"","meta":{"footnotes":""},"class_list":["post-8441","page","type-page","status-publish"],"yoast_head":"<!-- This site is optimized with the Yoast SEO plugin v26.7 - https:\/\/yoast.com\/wordpress\/plugins\/seo\/ -->\n<title>Services: Illustration, Concept Art, Game Art | Sandrine Pilloud<\/title>\n<meta name=\"description\" content=\"Sandrine Pilloud, illustration, Concept Art et Game Art \u00e0 Lausanne vous propose des services personnalis\u00e9s pour vos projets cr\u00e9atifs.\" \/>\n<meta name=\"robots\" content=\"index, follow, max-snippet:-1, max-image-preview:large, max-video-preview:-1\" \/>\n<link rel=\"canonical\" href=\"https:\/\/barbo.ch\/en\/services\/\" \/>\n<meta property=\"og:locale\" content=\"en_US\" \/>\n<meta property=\"og:type\" content=\"article\" \/>\n<meta property=\"og:title\" content=\"Services: Illustration, Concept Art, Game Art | Sandrine Pilloud\" \/>\n<meta property=\"og:description\" content=\"Sandrine Pilloud, illustration, Concept Art et Game Art \u00e0 Lausanne vous propose des services personnalis\u00e9s pour vos projets cr\u00e9atifs.\" \/>\n<meta property=\"og:url\" content=\"https:\/\/barbo.ch\/en\/services\/\" \/>\n<meta property=\"og:site_name\" content=\"Sandrine Pilloud\" \/>\n<meta property=\"article:modified_time\" content=\"2026-01-16T07:25:33+00:00\" \/>\n<meta name=\"twitter:card\" content=\"summary_large_image\" \/>\n<meta name=\"twitter:label1\" content=\"Est. reading time\" \/>\n\t<meta name=\"twitter:data1\" content=\"3 minutes\" \/>\n<script type=\"application\/ld+json\" class=\"yoast-schema-graph\">{\"@context\":\"https:\/\/schema.org\",\"@graph\":[{\"@type\":\"WebPage\",\"@id\":\"https:\/\/barbo.ch\/services\/\",\"url\":\"https:\/\/barbo.ch\/services\/\",\"name\":\"Services: Illustration, Concept Art, Game Art | Sandrine Pilloud\",\"isPartOf\":{\"@id\":\"https:\/\/barbo.ch\/#website\"},\"datePublished\":\"2020-01-31T07:36:46+00:00\",\"dateModified\":\"2026-01-16T07:25:33+00:00\",\"description\":\"Sandrine Pilloud, illustration, Concept Art et Game Art \u00e0 Lausanne vous propose des services personnalis\u00e9s pour vos projets cr\u00e9atifs.\",\"breadcrumb\":{\"@id\":\"https:\/\/barbo.ch\/services\/#breadcrumb\"},\"inLanguage\":\"en-US\",\"potentialAction\":[{\"@type\":\"ReadAction\",\"target\":[\"https:\/\/barbo.ch\/services\/\"]}]},{\"@type\":\"BreadcrumbList\",\"@id\":\"https:\/\/barbo.ch\/services\/#breadcrumb\",\"itemListElement\":[{\"@type\":\"ListItem\",\"position\":1,\"name\":\"Accueil\",\"item\":\"https:\/\/barbo.ch\/\"},{\"@type\":\"ListItem\",\"position\":2,\"name\":\"Services\"}]},{\"@type\":\"WebSite\",\"@id\":\"https:\/\/barbo.ch\/#website\",\"url\":\"https:\/\/barbo.ch\/\",\"name\":\"Sandrine Pilloud\",\"description\":\"Illustration, Concept Art &amp; Game Art, Lausanne\",\"publisher\":{\"@id\":\"https:\/\/barbo.ch\/#\/schema\/person\/fe61e979637a62cd660ff3e2d249fd0a\"},\"potentialAction\":[{\"@type\":\"SearchAction\",\"target\":{\"@type\":\"EntryPoint\",\"urlTemplate\":\"https:\/\/barbo.ch\/?s={search_term_string}\"},\"query-input\":{\"@type\":\"PropertyValueSpecification\",\"valueRequired\":true,\"valueName\":\"search_term_string\"}}],\"inLanguage\":\"en-US\"},{\"@type\":[\"Person\",\"Organization\"],\"@id\":\"https:\/\/barbo.ch\/#\/schema\/person\/fe61e979637a62cd660ff3e2d249fd0a\",\"name\":\"Sandrine Pilloud\",\"image\":{\"@type\":\"ImageObject\",\"inLanguage\":\"en-US\",\"@id\":\"https:\/\/barbo.ch\/#\/schema\/person\/image\/\",\"url\":\"https:\/\/secure.gravatar.com\/avatar\/13e00cf46f22af40f15209baa00844fd11f6779452f65a6352e9d424ceffa4a1?s=96&d=mm&r=g\",\"contentUrl\":\"https:\/\/secure.gravatar.com\/avatar\/13e00cf46f22af40f15209baa00844fd11f6779452f65a6352e9d424ceffa4a1?s=96&d=mm&r=g\",\"caption\":\"Sandrine Pilloud\"},\"logo\":{\"@id\":\"https:\/\/barbo.ch\/#\/schema\/person\/image\/\"},\"sameAs\":[\"http:\/\/www.barbo.ch\",\"https:\/\/www.instagram.com\/sandrinebarbo\/\",\"https:\/\/www.linkedin.com\/in\/sandrine-pilloud-73469247\/\"]}]}<\/script>\n<!-- \/ Yoast SEO plugin. -->","yoast_head_json":{"title":"Services: Illustration, Concept Art, Game Art | Sandrine Pilloud","description":"Sandrine Pilloud, illustration, Concept Art et Game Art \u00e0 Lausanne vous propose des services personnalis\u00e9s pour vos projets cr\u00e9atifs.","robots":{"index":"index","follow":"follow","max-snippet":"max-snippet:-1","max-image-preview":"max-image-preview:large","max-video-preview":"max-video-preview:-1"},"canonical":"https:\/\/barbo.ch\/en\/services\/","og_locale":"en_US","og_type":"article","og_title":"Services: Illustration, Concept Art, Game Art | Sandrine Pilloud","og_description":"Sandrine Pilloud, illustration, Concept Art et Game Art \u00e0 Lausanne vous propose des services personnalis\u00e9s pour vos projets cr\u00e9atifs.","og_url":"https:\/\/barbo.ch\/en\/services\/","og_site_name":"Sandrine Pilloud","article_modified_time":"2026-01-16T07:25:33+00:00","twitter_card":"summary_large_image","twitter_misc":{"Est. reading time":"3 minutes"},"schema":{"@context":"https:\/\/schema.org","@graph":[{"@type":"WebPage","@id":"https:\/\/barbo.ch\/services\/","url":"https:\/\/barbo.ch\/services\/","name":"Services: Illustration, Concept Art, Game Art | Sandrine Pilloud","isPartOf":{"@id":"https:\/\/barbo.ch\/#website"},"datePublished":"2020-01-31T07:36:46+00:00","dateModified":"2026-01-16T07:25:33+00:00","description":"Sandrine Pilloud, illustration, Concept Art et Game Art \u00e0 Lausanne vous propose des services personnalis\u00e9s pour vos projets cr\u00e9atifs.","breadcrumb":{"@id":"https:\/\/barbo.ch\/services\/#breadcrumb"},"inLanguage":"en-US","potentialAction":[{"@type":"ReadAction","target":["https:\/\/barbo.ch\/services\/"]}]},{"@type":"BreadcrumbList","@id":"https:\/\/barbo.ch\/services\/#breadcrumb","itemListElement":[{"@type":"ListItem","position":1,"name":"Accueil","item":"https:\/\/barbo.ch\/"},{"@type":"ListItem","position":2,"name":"Services"}]},{"@type":"WebSite","@id":"https:\/\/barbo.ch\/#website","url":"https:\/\/barbo.ch\/","name":"Sandrine Pilloud","description":"Illustration, Concept Art &amp; Game Art, Lausanne","publisher":{"@id":"https:\/\/barbo.ch\/#\/schema\/person\/fe61e979637a62cd660ff3e2d249fd0a"},"potentialAction":[{"@type":"SearchAction","target":{"@type":"EntryPoint","urlTemplate":"https:\/\/barbo.ch\/?s={search_term_string}"},"query-input":{"@type":"PropertyValueSpecification","valueRequired":true,"valueName":"search_term_string"}}],"inLanguage":"en-US"},{"@type":["Person","Organization"],"@id":"https:\/\/barbo.ch\/#\/schema\/person\/fe61e979637a62cd660ff3e2d249fd0a","name":"Sandrine Pilloud","image":{"@type":"ImageObject","inLanguage":"en-US","@id":"https:\/\/barbo.ch\/#\/schema\/person\/image\/","url":"https:\/\/secure.gravatar.com\/avatar\/13e00cf46f22af40f15209baa00844fd11f6779452f65a6352e9d424ceffa4a1?s=96&d=mm&r=g","contentUrl":"https:\/\/secure.gravatar.com\/avatar\/13e00cf46f22af40f15209baa00844fd11f6779452f65a6352e9d424ceffa4a1?s=96&d=mm&r=g","caption":"Sandrine Pilloud"},"logo":{"@id":"https:\/\/barbo.ch\/#\/schema\/person\/image\/"},"sameAs":["http:\/\/www.barbo.ch","https:\/\/www.instagram.com\/sandrinebarbo\/","https:\/\/www.linkedin.com\/in\/sandrine-pilloud-73469247\/"]}]}},"_links":{"self":[{"href":"https:\/\/barbo.ch\/en\/wp-json\/wp\/v2\/pages\/8441","targetHints":{"allow":["GET"]}}],"collection":[{"href":"https:\/\/barbo.ch\/en\/wp-json\/wp\/v2\/pages"}],"about":[{"href":"https:\/\/barbo.ch\/en\/wp-json\/wp\/v2\/types\/page"}],"author":[{"embeddable":true,"href":"https:\/\/barbo.ch\/en\/wp-json\/wp\/v2\/users\/1"}],"replies":[{"embeddable":true,"href":"https:\/\/barbo.ch\/en\/wp-json\/wp\/v2\/comments?post=8441"}],"version-history":[{"count":79,"href":"https:\/\/barbo.ch\/en\/wp-json\/wp\/v2\/pages\/8441\/revisions"}],"predecessor-version":[{"id":9807,"href":"https:\/\/barbo.ch\/en\/wp-json\/wp\/v2\/pages\/8441\/revisions\/9807"}],"wp:attachment":[{"href":"https:\/\/barbo.ch\/en\/wp-json\/wp\/v2\/media?parent=8441"}],"curies":[{"name":"wp","href":"https:\/\/api.w.org\/{rel}","templated":true}]}}